{"id":272,"date":"2024-02-04T15:21:38","date_gmt":"2024-02-04T14:21:38","guid":{"rendered":"https:\/\/anjaboe.dk\/?page_id=272"},"modified":"2024-07-12T16:40:31","modified_gmt":"2024-07-12T14:40:31","slug":"udtalelser","status":"publish","type":"page","link":"https:\/\/anjaboe.dk\/index.php\/udtalelser\/","title":{"rendered":"Udtalelser om Anja Boe"},"content":{"rendered":"\n<p>&#8220;I think our talks has been very helpful so far, it\u2019s slowly getting easy to understand what I feel and why. I feel less shamefull now, and it helps me talking with other people.&#8221;<br><strong>Ung kvinde med  ADHD-diagnose og senf\u00f8lger efter seksuelle traumer<\/strong><\/p>\n\n\n\n<p class=\"has-text-align-left\"><\/p>\n\n\n\n<p class=\"has-text-align-left\">&#8220;Jeg bruger samtalerne med Anja Boe til at opretholde de strukturer, jeg l\u00e6rte i psykiatrien. Hun hj\u00e6lper mig med at komme tilbage p\u00e5 sporet, hvis jeg vakler, og minder mig om de strategier, jeg har opbygget. Jeg har opn\u00e5et en god bevidsthed om, hvad der sker med mig, n\u00e5r jeg stresser. Jeg er blevet bedre til at stikke en k\u00e6p i hjulet p\u00e5 de tanker, der hiver mig ned.&#8221;<br><strong>Ung kvinde, efter forl\u00f8b i psykiatrien pga. angst og depression<\/strong><\/p>\n\n\n\n<p class=\"has-text-align-left\"><\/p>\n\n\n\n<p class=\"has-text-align-left\">&#8220;Our meetings provided a space to rethink my life, manage my time, and practice useful tools. They offered a calm environment to discuss issues without feeling rushed. An objective perspective on my struggles was invaluable, helping me try different approaches. <br>I achieved a mindset that reduced my anxiety about future goals, helped me set realistic objectives, and proved that hard work can make them achievable.&#8221;<br><strong>Ung mand med ADHD-udfordringer<\/strong><\/p>\n\n\n\n<p>&#8220;K\u00e6re Anja. Tak for snakken, lytten og vejledning. Hvor er jeg glad for at jeg m\u00e5tte ringe til dig, og hvor blev jeg hurtigt afklaret og fri til at handle &#8211; tak <img loading=\"lazy\" decoding=\"async\" height=\"16\" width=\"16\" src=\"https:\/\/static.xx.fbcdn.net\/images\/emoji.php\/v9\/t80\/1\/16\/1f64f.png\" alt=\"\ud83d\ude4f\"> <img loading=\"lazy\" decoding=\"async\" height=\"16\" width=\"16\" src=\"https:\/\/static.xx.fbcdn.net\/images\/emoji.php\/v9\/t6c\/1\/16\/2764.png\" alt=\"\u2764\ufe0f\">.&#8221;<br><strong>Kvinde i fyrrerne, telefonisk samtale om en arbejdsm\u00e6ssig sv\u00e6r situation<\/strong><\/p>\n\n\n\n<p class=\"has-text-align-left\">\u201dAnja Boe har hele vejen form\u00e5et at g\u00f8re samtalerne behagelige at v\u00e6re i<br>og jeg har hver eneste gang afsluttet samtalen med meget mere s\u00e6nkede skuldre og et fornyet h\u00e5b om, at der er et liv p\u00e5 den anden side.<br>Jeg har ikke kun f\u00e5et v\u00e6rkt\u00f8jer til min egen bearbejdelse, men ogs\u00e5 til bedre at kunne forklare mig overfor mine n\u00e6rmeste \u2013 for det er ikke nemt.<br>Jeg kan ikke andet end at anbefale Anja og hendes hjertevarme v\u00e6sen.\u201d<br><strong>Ung kvinde, samtaler\u00e6kke efter morens selvmord<\/strong><\/p>\n\n\n\n<p class=\"has-text-align-left\">&#8220;Having open conversations about my school life, personal life, and struggles with bipolar and anxiety has been invaluable. These talks prevented me from overthinking about the future, reducing stress on my studies. What worked the most for me was having conversations that I really appreciated because of advice and helping me reflect on myself and how I function. I have found the conversations very valuable, but I now am in a good state of mind and work that I will no longer be using this assistance.&#8221;<br><strong>Ung mand med bipolar og angst<\/strong><br><\/p>\n","protected":false},"excerpt":{"rendered":"<p>&#8220;I think our talks has been very helpful so far, it\u2019s slowly getting easy to understand what I feel and why. I feel less shamefull now, and it helps me talking with other people.&#8221;Ung kvinde med ADHD-diagnose og senf\u00f8lger efter seksuelle traumer &#8220;Jeg bruger samtalerne med Anja Boe til at opretholde de strukturer, jeg l\u00e6rte [&hellip;]<\/p>\n","protected":false},"author":1,"featured_media":0,"parent":0,"menu_order":0,"comment_status":"closed","ping_status":"closed","template":"","meta":{"footnotes":""},"class_list":["post-272","page","type-page","status-publish","hentry"],"_links":{"self":[{"href":"https:\/\/anjaboe.dk\/index.php\/wp-json\/wp\/v2\/pages\/272","targetHints":{"allow":["GET"]}}],"collection":[{"href":"https:\/\/anjaboe.dk\/index.php\/wp-json\/wp\/v2\/pages"}],"about":[{"href":"https:\/\/anjaboe.dk\/index.php\/wp-json\/wp\/v2\/types\/page"}],"author":[{"embeddable":true,"href":"https:\/\/anjaboe.dk\/index.php\/wp-json\/wp\/v2\/users\/1"}],"replies":[{"embeddable":true,"href":"https:\/\/anjaboe.dk\/index.php\/wp-json\/wp\/v2\/comments?post=272"}],"version-history":[{"count":13,"href":"https:\/\/anjaboe.dk\/index.php\/wp-json\/wp\/v2\/pages\/272\/revisions"}],"predecessor-version":[{"id":302,"href":"https:\/\/anjaboe.dk\/index.php\/wp-json\/wp\/v2\/pages\/272\/revisions\/302"}],"wp:attachment":[{"href":"https:\/\/anjaboe.dk\/index.php\/wp-json\/wp\/v2\/media?parent=272"}],"curies":[{"name":"wp","href":"https:\/\/api.w.org\/{rel}","templated":true}]}}