{"id":18,"date":"2023-12-09T15:10:46","date_gmt":"2023-12-09T15:10:46","guid":{"rendered":"https:\/\/anjaboe.dk\/?page_id=18"},"modified":"2026-02-08T17:25:55","modified_gmt":"2026-02-08T16:25:55","slug":"kontakt","status":"publish","type":"page","link":"https:\/\/anjaboe.dk\/index.php\/kontakt\/","title":{"rendered":"Kontakt &#038; Priser"},"content":{"rendered":"\n<p class=\"has-text-align-center\"><strong>Anja Boe <\/strong><br><strong>Psykoterapeut MPF &#8211; Coach -Sorgmentor  &#8211; SPS-r\u00e5dgiver<\/strong><\/p>\n\n\n\n<p class=\"has-text-align-center\">Anja Boe Espersen<br>Lucernevej 26, 9270 Klarup<br>(Niels Ebbesensgade 4, 9000 Aalborg)<\/p>\n\n\n\n<p class=\"has-text-align-center\">Mobil: +45 6169 3524<br>E-mail: kontakt@anjaboe.dk<\/p>\n\n\n\n<p class=\"has-text-align-center\">LinkedIn: Anja Boe Espersen<br>Facebook\/Messenger: Psykoterapeut Anja Boe<\/p>\n\n\n\n<p class=\"has-text-align-center\">CVR-nr.: 43788809<\/p>\n\n\n\n<p><\/p>\n\n\n\n<p class=\"has-text-align-left\"><strong>Praktiske oplysninger vedr. samtalesessioner<\/strong><br>Tid og sted aftales individuelt ved henvendelse.<\/p>\n\n\n\n<p class=\"has-text-align-left\"><strong>Sted<\/strong>: Samtalesessioner kan afholdes i Klarup (Lucernevej 26), <br>i Aalborg (Niels Ebbesensgade 4), online, walk &amp; talk eller m\u00e5ske hos dig.<\/p>\n\n\n\n<p class=\"has-text-align-left\"><strong>Priser:<\/strong><\/p>\n\n\n\n<p><\/p>\n\n\n\n<p>Gratis og uforpligtende forsamtale online eller pr. telefon (15 minutter).<\/p>\n\n\n\n<p><\/p>\n\n\n\n<p>\u2022 Individuel terapi 60 minutter: 700 kr.<\/p>\n\n\n\n<p>\u2022 Individuel terapi 90 minutter: 1.000 kr.<\/p>\n\n\n\n<p>\u2022 Studerende\/arbejdsl\u00f8s 60 minutter: 500 kr.<\/p>\n\n\n\n<p>\u2022 Studerende\/arbejdsl\u00f8s 90 minutter: \u00a0 800 kr.<\/p>\n\n\n\n<p>\u2022 Parterapi 90 minutter: 1200 kr. pr. session<\/p>\n\n\n\n<p><\/p>\n\n\n\n<p>\u2022 Forudbetalte forl\u00f8b med rabat: K\u00f8b 5 sessioner &#8211; betal for 4 sessioner.<\/p>\n\n\n\n<p>Du kan ikke f\u00e5 pengene tilbage for ubrugte &#8220;klip&#8221;.<\/p>\n\n\n\n<p>Ved samtale hos klienten eller andet sted end min praksis beregnes transport efter statens takster.<\/p>\n\n\n\n<p>Der betales ved bankoverf\u00f8rsel ved afslutningen af sessionen.<\/p>\n\n\n\n<p><strong>Afbud<\/strong><\/p>\n\n\n\n<p>Afbud senest 24 timer inden sessionen p\u00e5 telefonnr. + 45 61693524. <br>Ved afbud senere end 24 timer f\u00f8r den aftalte session betales fuld pris.<\/p>\n\n\n\n<p><strong>Mere information og inspiration: <\/strong><\/p>\n\n\n\n<p>F\u00f8lg &#8220;Psykoterapeut Anja Boe&#8221; p\u00e5 Facebook.<\/p>\n\n\n\n<p><strong>Online samtaler &#8211; praktiske Oplysninger<\/strong>:<\/p>\n\n\n\n<p>Platform:<br>\u2022  Samtalerne vil foreg\u00e5 via en aftalt platform, fx Zoom, Skype, Teams, Messenger.<br>\u2022 S\u00f8rg for, at du har downloadet og installeret den n\u00f8dvendige software p\u00e5 forh\u00e5nd.<\/p>\n\n\n\n<p>Teknisk Forberedelse:<br>\u2022  Test din internetforbindelse, kamera og mikrofon inden vores f\u00f8rste samtale.<br>\u2022 Find et roligt og privat sted, hvor du kan sidde uforstyrret under samtalen.<\/p>\n\n\n\n<p>\u2022 Hvis der opst\u00e5r tekniske problemer under en session, vil vi fors\u00f8ge at l\u00f8se dem hurtigt. Hvis problemet ikke kan l\u00f8ses, vil vi omplanl\u00e6gge sessionen uden ekstra omkostninger.<\/p>\n\n\n\n<p><\/p>\n\n\n\n<p><\/p>\n\n\n\n<p><\/p>\n\n\n\n<p class=\"has-text-align-center\"><br><\/p>\n","protected":false},"excerpt":{"rendered":"<p>Anja Boe Psykoterapeut MPF &#8211; Coach -Sorgmentor &#8211; SPS-r\u00e5dgiver Anja Boe EspersenLucernevej 26, 9270 Klarup(Niels Ebbesensgade 4, 9000 Aalborg) Mobil: +45 6169 3524E-mail: kontakt@anjaboe.dk LinkedIn: Anja Boe EspersenFacebook\/Messenger: Psykoterapeut Anja Boe CVR-nr.: 43788809 Praktiske oplysninger vedr. samtalesessionerTid og sted aftales individuelt ved henvendelse. Sted: Samtalesessioner kan afholdes i Klarup (Lucernevej 26), i Aalborg (Niels Ebbesensgade [&hellip;]<\/p>\n","protected":false},"author":1,"featured_media":0,"parent":0,"menu_order":0,"comment_status":"closed","ping_status":"closed","template":"","meta":{"footnotes":""},"class_list":["post-18","page","type-page","status-publish","hentry"],"_links":{"self":[{"href":"https:\/\/anjaboe.dk\/index.php\/wp-json\/wp\/v2\/pages\/18","targetHints":{"allow":["GET"]}}],"collection":[{"href":"https:\/\/anjaboe.dk\/index.php\/wp-json\/wp\/v2\/pages"}],"about":[{"href":"https:\/\/anjaboe.dk\/index.php\/wp-json\/wp\/v2\/types\/page"}],"author":[{"embeddable":true,"href":"https:\/\/anjaboe.dk\/index.php\/wp-json\/wp\/v2\/users\/1"}],"replies":[{"embeddable":true,"href":"https:\/\/anjaboe.dk\/index.php\/wp-json\/wp\/v2\/comments?post=18"}],"version-history":[{"count":39,"href":"https:\/\/anjaboe.dk\/index.php\/wp-json\/wp\/v2\/pages\/18\/revisions"}],"predecessor-version":[{"id":339,"href":"https:\/\/anjaboe.dk\/index.php\/wp-json\/wp\/v2\/pages\/18\/revisions\/339"}],"wp:attachment":[{"href":"https:\/\/anjaboe.dk\/index.php\/wp-json\/wp\/v2\/media?parent=18"}],"curies":[{"name":"wp","href":"https:\/\/api.w.org\/{rel}","templated":true}]}}